{"id":1146,"date":"2024-08-21T06:58:24","date_gmt":"2024-08-21T06:58:24","guid":{"rendered":"https:\/\/anzemachinery.com\/?page_id=1146"},"modified":"2025-07-03T02:26:44","modified_gmt":"2025-07-03T02:26:44","slug":"applications-de-la-machine-a-poinconner-le-cuir","status":"publish","type":"page","link":"https:\/\/anzemachinery.com\/fr\/leather-punching-machine-applications\/","title":{"rendered":"Applications"},"content":{"rendered":"<div data-elementor-type=\"wp-page\" data-elementor-id=\"1146\" class=\"elementor elementor-1146\" data-elementor-post-type=\"page\">\n\t\t\t\t\t\t<header class=\"elementor-section elementor-top-section elementor-element elementor-element-328bdf8d elementor-section-stretched elementor-section-height-min-height elementor-section-boxed elementor-section-height-default elementor-section-items-middle\" data-id=\"328bdf8d\" data-element_type=\"section\" data-e-type=\"section\" data-settings=\"{&quot;stretch_section&quot;:&quot;section-stretched&quot;,&quot;background_background&quot;:&quot;classic&quot;}\">\n\t\t\t\t\t\t\t<div class=\"elementor-background-overlay\"><\/div>\n\t\t\t\t\t\t\t<div class=\"elementor-container elementor-column-gap-default\">\n\t\t\t\t\t<div class=\"elementor-column elementor-col-100 elementor-top-column elementor-element elementor-element-6a5a8d64\" data-id=\"6a5a8d64\" data-element_type=\"column\" data-e-type=\"column\">\n\t\t\t<div class=\"elementor-widget-wrap elementor-element-populated\">\n\t\t\t\t\t\t<div class=\"elementor-element elementor-element-5eb1c16 animated-slow elementor-invisible elementor-widget elementor-widget-elementskit-heading\" data-id=\"5eb1c16\" data-element_type=\"widget\" data-e-type=\"widget\" data-settings=\"{&quot;_animation&quot;:&quot;fadeInUp&quot;}\" data-widget_type=\"elementskit-heading.default\">\n\t\t\t\t<div class=\"elementor-widget-container\">\n\t\t\t\t\t<div class=\"ekit-wid-con\" ><div class=\"ekit-heading elementskit-section-title-wraper text_left   ekit_heading_tablet-   ekit_heading_mobile-\"><h1 class=\"elementskit-section-subtitle\">\n\t\t\t\t\t\tMachine \u00e0 poin\u00e7onner le cuir\n\t\t\t\t\t<\/h1><h2 class=\"ekit-heading--title elementskit-section-title\">Applications<\/h2><\/div><\/div>\t\t\t\t<\/div>\n\t\t\t\t<\/div>\n\t\t\t\t<div class=\"elementor-element elementor-element-53713a5d elementor-widget-divider--separator-type-pattern elementor-widget-divider--view-line elementor-widget elementor-widget-divider\" data-id=\"53713a5d\" data-element_type=\"widget\" data-e-type=\"widget\" data-widget_type=\"divider.default\">\n\t\t\t\t<div class=\"elementor-widget-container\">\n\t\t\t\t\t\t\t<div class=\"elementor-divider\" style=\"--divider-pattern-url: url(&quot;data:image\/svg+xml,%3Csvg xmlns=&#039;http:\/\/www.w3.org\/2000\/svg&#039; preserveAspectRatio=&#039;none&#039; overflow=&#039;visible&#039; height=&#039;100%&#039; viewBox=&#039;0 0 20 16&#039; fill=&#039;none&#039; stroke=&#039;black&#039; stroke-width=&#039;3.3&#039; stroke-linecap=&#039;square&#039; stroke-miterlimit=&#039;10&#039;%3E%3Cg transform=&#039;translate(-12.000000, 0)&#039;%3E%3Cpath d=&#039;M28,0L10,18&#039;\/%3E%3Cpath d=&#039;M18,0L0,18&#039;\/%3E%3Cpath d=&#039;M48,0L30,18&#039;\/%3E%3Cpath d=&#039;M38,0L20,18&#039;\/%3E%3C\/g%3E%3C\/svg%3E&quot;);\">\n\t\t\t<span class=\"elementor-divider-separator\">\n\t\t\t\t\t\t<\/span>\n\t\t<\/div>\n\t\t\t\t\t\t<\/div>\n\t\t\t\t<\/div>\n\t\t\t\t<div class=\"elementor-element elementor-element-d0047a3 elementor-widget elementor-widget-text-editor\" data-id=\"d0047a3\" data-element_type=\"widget\" data-e-type=\"widget\" data-widget_type=\"text-editor.default\">\n\t\t\t\t<div class=\"elementor-widget-container\">\n\t\t\t\t\t\t\t\t\t<p>La poin\u00e7onneuse de cuir CNC ANZE est con\u00e7ue pour perforer des mod\u00e8les de trous personnalis\u00e9s pour le cuir ou d'autres produits en mat\u00e9riaux souples tels que les chaussures, les sacs, les gants, les ceintures, les si\u00e8ges de voiture, les v\u00eatements et les masques de chirurgie m\u00e9dicale.<\/p>\t\t\t\t\t\t\t\t<\/div>\n\t\t\t\t<\/div>\n\t\t\t\t\t<\/div>\n\t\t<\/div>\n\t\t\t\t\t<\/div>\n\t\t<\/header>\n\t\t\t\t<section class=\"elementor-section elementor-top-section elementor-element elementor-element-939e75c elementor-section-content-middle elementor-section-boxed elementor-section-height-default elementor-section-height-default\" data-id=\"939e75c\" data-element_type=\"section\" data-e-type=\"section\" data-settings=\"{&quot;background_background&quot;:&quot;classic&quot;}\">\n\t\t\t\t\t\t\t<div class=\"elementor-background-overlay\"><\/div>\n\t\t\t\t\t\t\t<div class=\"elementor-container elementor-column-gap-default\">\n\t\t\t\t\t<div class=\"elementor-column elementor-col-100 elementor-top-column elementor-element elementor-element-3357d18\" data-id=\"3357d18\" data-element_type=\"column\" data-e-type=\"column\">\n\t\t\t<div class=\"elementor-widget-wrap elementor-element-populated\">\n\t\t\t\t\t\t<div class=\"elementor-element elementor-element-7b38b9b elementor-widget elementor-widget-heading\" data-id=\"7b38b9b\" data-element_type=\"widget\" data-e-type=\"widget\" data-widget_type=\"heading.default\">\n\t\t\t\t<div class=\"elementor-widget-container\">\n\t\t\t\t\t<h2 class=\"elementor-heading-title elementor-size-default\">Application de la machine \u00e0 poin\u00e7onner le cuir<\/h2>\t\t\t\t<\/div>\n\t\t\t\t<\/div>\n\t\t\t\t<div class=\"elementor-element elementor-element-d81db12 elementor-widget elementor-widget-heading\" data-id=\"d81db12\" data-element_type=\"widget\" data-e-type=\"widget\" data-widget_type=\"heading.default\">\n\t\t\t\t<div class=\"elementor-widget-container\">\n\t\t\t\t\t<h3 class=\"elementor-heading-title elementor-size-default\">secteurs d'activit\u00e9<\/h3>\t\t\t\t<\/div>\n\t\t\t\t<\/div>\n\t\t\t\t<section class=\"elementor-section elementor-inner-section elementor-element elementor-element-0f21135 elementor-section-boxed elementor-section-height-default elementor-section-height-default\" data-id=\"0f21135\" data-element_type=\"section\" data-e-type=\"section\">\n\t\t\t\t\t\t<div class=\"elementor-container elementor-column-gap-default\">\n\t\t\t\t\t<div class=\"elementor-column elementor-col-33 elementor-inner-column elementor-element elementor-element-12e7258\" data-id=\"12e7258\" data-element_type=\"column\" data-e-type=\"column\">\n\t\t\t<div class=\"elementor-widget-wrap elementor-element-populated\">\n\t\t\t\t\t\t<div class=\"elementor-element elementor-element-de8af78 project-col-3 project-col elementor-widget elementor-widget-image\" data-id=\"de8af78\" data-element_type=\"widget\" data-e-type=\"widget\" data-widget_type=\"image.default\">\n\t\t\t\t<div class=\"elementor-widget-container\">\n\t\t\t\t\t\t\t\t\t\t\t\t<figure class=\"wp-caption\">\n\t\t\t\t\t\t\t\t\t\t\t<a href=\"https:\/\/anzemachinery.com\/fr\/automotive-interior-leather-punching-machine\/\" target=\"_blank\">\n\t\t\t\t\t\t\t<img fetchpriority=\"high\" decoding=\"async\" width=\"800\" height=\"534\" src=\"https:\/\/anzemachinery.com\/wp-content\/uploads\/2024\/08\/B1-10-1024x683.jpg\" class=\"attachment-large size-large wp-image-1609\" alt=\"machine \u00e0 poin\u00e7onner le cuir\" srcset=\"https:\/\/anzemachinery.com\/wp-content\/uploads\/2024\/08\/B1-10-1024x683.jpg 1024w, https:\/\/anzemachinery.com\/wp-content\/uploads\/2024\/08\/B1-10-300x200.jpg 300w, https:\/\/anzemachinery.com\/wp-content\/uploads\/2024\/08\/B1-10-768x512.jpg 768w, https:\/\/anzemachinery.com\/wp-content\/uploads\/2024\/08\/B1-10-1536x1024.jpg 1536w, https:\/\/anzemachinery.com\/wp-content\/uploads\/2024\/08\/B1-10.jpg 1800w\" sizes=\"(max-width: 800px) 100vw, 800px\" \/>\t\t\t\t\t\t\t\t<\/a>\n\t\t\t\t\t\t\t\t\t\t\t<figcaption class=\"widget-image-caption wp-caption-text\">Int\u00e9rieur de voiture<\/figcaption>\n\t\t\t\t\t\t\t\t\t\t<\/figure>\n\t\t\t\t\t\t\t\t\t<\/div>\n\t\t\t\t<\/div>\n\t\t\t\t\t<\/div>\n\t\t<\/div>\n\t\t\t\t<div class=\"elementor-column elementor-col-33 elementor-inner-column elementor-element elementor-element-3fed7c5\" data-id=\"3fed7c5\" data-element_type=\"column\" data-e-type=\"column\">\n\t\t\t<div class=\"elementor-widget-wrap elementor-element-populated\">\n\t\t\t\t\t\t<div class=\"elementor-element elementor-element-ee54c83 project-col-3 project-col elementor-widget elementor-widget-image\" data-id=\"ee54c83\" data-element_type=\"widget\" data-e-type=\"widget\" data-widget_type=\"image.default\">\n\t\t\t\t<div class=\"elementor-widget-container\">\n\t\t\t\t\t\t\t\t\t\t\t\t<figure class=\"wp-caption\">\n\t\t\t\t\t\t\t\t\t\t\t<a href=\"https:\/\/anzemachinery.com\/fr\/bag-leather-punching-machine-solution\/\" target=\"_blank\">\n\t\t\t\t\t\t\t<img decoding=\"async\" width=\"800\" height=\"534\" src=\"https:\/\/anzemachinery.com\/wp-content\/uploads\/2024\/08\/A2-8-1024x683.jpg\" class=\"attachment-large size-large wp-image-1555\" alt=\"Machine \u00e0 poin\u00e7onner le cuir de la s\u00e9rie a2\" srcset=\"https:\/\/anzemachinery.com\/wp-content\/uploads\/2024\/08\/A2-8-1024x683.jpg 1024w, https:\/\/anzemachinery.com\/wp-content\/uploads\/2024\/08\/A2-8-300x200.jpg 300w, https:\/\/anzemachinery.com\/wp-content\/uploads\/2024\/08\/A2-8-768x512.jpg 768w, https:\/\/anzemachinery.com\/wp-content\/uploads\/2024\/08\/A2-8-1536x1024.jpg 1536w, https:\/\/anzemachinery.com\/wp-content\/uploads\/2024\/08\/A2-8.jpg 1800w\" sizes=\"(max-width: 800px) 100vw, 800px\" \/>\t\t\t\t\t\t\t\t<\/a>\n\t\t\t\t\t\t\t\t\t\t\t<figcaption class=\"widget-image-caption wp-caption-text\">Sacs<\/figcaption>\n\t\t\t\t\t\t\t\t\t\t<\/figure>\n\t\t\t\t\t\t\t\t\t<\/div>\n\t\t\t\t<\/div>\n\t\t\t\t\t<\/div>\n\t\t<\/div>\n\t\t\t\t<div class=\"elementor-column elementor-col-33 elementor-inner-column elementor-element elementor-element-c6a7ee2\" data-id=\"c6a7ee2\" data-element_type=\"column\" data-e-type=\"column\">\n\t\t\t<div class=\"elementor-widget-wrap elementor-element-populated\">\n\t\t\t\t\t\t<div class=\"elementor-element elementor-element-e8632e2 project-col-3 project-col elementor-widget elementor-widget-image\" data-id=\"e8632e2\" data-element_type=\"widget\" data-e-type=\"widget\" data-widget_type=\"image.default\">\n\t\t\t\t<div class=\"elementor-widget-container\">\n\t\t\t\t\t\t\t\t\t\t\t\t<figure class=\"wp-caption\">\n\t\t\t\t\t\t\t\t\t\t\t<a href=\"https:\/\/anzemachinery.com\/fr\/shoes-leather-punching-machine-solution\/\" target=\"_blank\">\n\t\t\t\t\t\t\t<img decoding=\"async\" width=\"800\" height=\"534\" src=\"https:\/\/anzemachinery.com\/wp-content\/uploads\/2024\/08\/A2-3-1024x683.jpg\" class=\"attachment-large size-large wp-image-1550\" alt=\"Machine \u00e0 poin\u00e7onner le cuir de la s\u00e9rie a2\" srcset=\"https:\/\/anzemachinery.com\/wp-content\/uploads\/2024\/08\/A2-3-1024x683.jpg 1024w, https:\/\/anzemachinery.com\/wp-content\/uploads\/2024\/08\/A2-3-300x200.jpg 300w, https:\/\/anzemachinery.com\/wp-content\/uploads\/2024\/08\/A2-3-768x512.jpg 768w, https:\/\/anzemachinery.com\/wp-content\/uploads\/2024\/08\/A2-3-1536x1024.jpg 1536w, https:\/\/anzemachinery.com\/wp-content\/uploads\/2024\/08\/A2-3.jpg 1800w\" sizes=\"(max-width: 800px) 100vw, 800px\" \/>\t\t\t\t\t\t\t\t<\/a>\n\t\t\t\t\t\t\t\t\t\t\t<figcaption class=\"widget-image-caption wp-caption-text\">Chaussures<\/figcaption>\n\t\t\t\t\t\t\t\t\t\t<\/figure>\n\t\t\t\t\t\t\t\t\t<\/div>\n\t\t\t\t<\/div>\n\t\t\t\t\t<\/div>\n\t\t<\/div>\n\t\t\t\t\t<\/div>\n\t\t<\/section>\n\t\t\t\t\t<\/div>\n\t\t<\/div>\n\t\t\t\t\t<\/div>\n\t\t<\/section>\n\t\t\t\t<section class=\"elementor-section elementor-top-section elementor-element elementor-element-3e0254b elementor-section-content-middle elementor-section-boxed elementor-section-height-default elementor-section-height-default\" data-id=\"3e0254b\" data-element_type=\"section\" data-e-type=\"section\" data-settings=\"{&quot;background_background&quot;:&quot;classic&quot;}\">\n\t\t\t\t\t\t\t<div class=\"elementor-background-overlay\"><\/div>\n\t\t\t\t\t\t\t<div class=\"elementor-container elementor-column-gap-default\">\n\t\t\t\t\t<div class=\"elementor-column elementor-col-100 elementor-top-column elementor-element elementor-element-cc8d5b2\" data-id=\"cc8d5b2\" data-element_type=\"column\" data-e-type=\"column\">\n\t\t\t<div class=\"elementor-widget-wrap elementor-element-populated\">\n\t\t\t\t\t\t<div class=\"elementor-element elementor-element-2cf109b elementor-widget elementor-widget-heading\" data-id=\"2cf109b\" data-element_type=\"widget\" data-e-type=\"widget\" data-widget_type=\"heading.default\">\n\t\t\t\t<div class=\"elementor-widget-container\">\n\t\t\t\t\t<h3 class=\"elementor-heading-title elementor-size-default\">Application de la machine \u00e0 poin\u00e7onner le cuir<\/h3>\t\t\t\t<\/div>\n\t\t\t\t<\/div>\n\t\t\t\t<div class=\"elementor-element elementor-element-8f0954d elementor-widget elementor-widget-heading\" data-id=\"8f0954d\" data-element_type=\"widget\" data-e-type=\"widget\" data-widget_type=\"heading.default\">\n\t\t\t\t<div class=\"elementor-widget-container\">\n\t\t\t\t\t<h3 class=\"elementor-heading-title elementor-size-default\">Mat\u00e9riaux<\/h3>\t\t\t\t<\/div>\n\t\t\t\t<\/div>\n\t\t\t\t<section class=\"elementor-section elementor-inner-section elementor-element elementor-element-99b2807 elementor-section-boxed elementor-section-height-default elementor-section-height-default\" data-id=\"99b2807\" data-element_type=\"section\" data-e-type=\"section\">\n\t\t\t\t\t\t<div class=\"elementor-container elementor-column-gap-default\">\n\t\t\t\t\t<div class=\"elementor-column elementor-col-33 elementor-inner-column elementor-element elementor-element-99ae811\" data-id=\"99ae811\" data-element_type=\"column\" data-e-type=\"column\">\n\t\t\t<div class=\"elementor-widget-wrap elementor-element-populated\">\n\t\t\t\t\t\t<div class=\"elementor-element elementor-element-e948d3d project-col-3 project-col elementor-widget elementor-widget-image\" data-id=\"e948d3d\" data-element_type=\"widget\" data-e-type=\"widget\" data-widget_type=\"image.default\">\n\t\t\t\t<div class=\"elementor-widget-container\">\n\t\t\t\t\t\t\t\t\t\t\t\t<figure class=\"wp-caption\">\n\t\t\t\t\t\t\t\t\t\t\t<a href=\"https:\/\/anzemachinery.com\/fr\/leather-punching-solutions-and-leather-punching-machines\/\" target=\"_blank\">\n\t\t\t\t\t\t\t<img loading=\"lazy\" decoding=\"async\" width=\"800\" height=\"534\" src=\"https:\/\/anzemachinery.com\/wp-content\/uploads\/2024\/08\/factory11-1024x683.jpg\" class=\"attachment-large size-large wp-image-1789\" alt=\"machine de perforation du cuir machines de poin\u00e7onnage du cuir machine de perforation du cuir cnc usine de perforation du cuir synth\u00e9tique\" srcset=\"https:\/\/anzemachinery.com\/wp-content\/uploads\/2024\/08\/factory11-1024x683.jpg 1024w, https:\/\/anzemachinery.com\/wp-content\/uploads\/2024\/08\/factory11-300x200.jpg 300w, https:\/\/anzemachinery.com\/wp-content\/uploads\/2024\/08\/factory11-768x512.jpg 768w, https:\/\/anzemachinery.com\/wp-content\/uploads\/2024\/08\/factory11.jpg 1200w\" sizes=\"(max-width: 800px) 100vw, 800px\" \/>\t\t\t\t\t\t\t\t<\/a>\n\t\t\t\t\t\t\t\t\t\t\t<figcaption class=\"widget-image-caption wp-caption-text\">Cuir<\/figcaption>\n\t\t\t\t\t\t\t\t\t\t<\/figure>\n\t\t\t\t\t\t\t\t\t<\/div>\n\t\t\t\t<\/div>\n\t\t\t\t\t<\/div>\n\t\t<\/div>\n\t\t\t\t<div class=\"elementor-column elementor-col-33 elementor-inner-column elementor-element elementor-element-11c738a\" data-id=\"11c738a\" data-element_type=\"column\" data-e-type=\"column\">\n\t\t\t<div class=\"elementor-widget-wrap elementor-element-populated\">\n\t\t\t\t\t\t<div class=\"elementor-element elementor-element-3180652 project-col-3 project-col elementor-widget elementor-widget-image\" data-id=\"3180652\" data-element_type=\"widget\" data-e-type=\"widget\" data-widget_type=\"image.default\">\n\t\t\t\t<div class=\"elementor-widget-container\">\n\t\t\t\t\t\t\t\t\t\t\t\t<figure class=\"wp-caption\">\n\t\t\t\t\t\t\t\t\t\t\t<a href=\"https:\/\/anzemachinery.com\/fr\/leather-punching-solutions-and-leather-punching-machines\/\" target=\"_blank\">\n\t\t\t\t\t\t\t<img loading=\"lazy\" decoding=\"async\" width=\"800\" height=\"534\" src=\"https:\/\/anzemachinery.com\/wp-content\/uploads\/2024\/08\/B3-8-1024x683.jpg\" class=\"attachment-large size-large wp-image-1661\" alt=\"Poin\u00e7onneuse de moules de la s\u00e9rie B3 8\" srcset=\"https:\/\/anzemachinery.com\/wp-content\/uploads\/2024\/08\/B3-8-1024x683.jpg 1024w, https:\/\/anzemachinery.com\/wp-content\/uploads\/2024\/08\/B3-8-300x200.jpg 300w, https:\/\/anzemachinery.com\/wp-content\/uploads\/2024\/08\/B3-8-768x512.jpg 768w, https:\/\/anzemachinery.com\/wp-content\/uploads\/2024\/08\/B3-8-1536x1024.jpg 1536w, https:\/\/anzemachinery.com\/wp-content\/uploads\/2024\/08\/B3-8.jpg 1800w\" sizes=\"(max-width: 800px) 100vw, 800px\" \/>\t\t\t\t\t\t\t\t<\/a>\n\t\t\t\t\t\t\t\t\t\t\t<figcaption class=\"widget-image-caption wp-caption-text\">Cuir<\/figcaption>\n\t\t\t\t\t\t\t\t\t\t<\/figure>\n\t\t\t\t\t\t\t\t\t<\/div>\n\t\t\t\t<\/div>\n\t\t\t\t\t<\/div>\n\t\t<\/div>\n\t\t\t\t<div class=\"elementor-column elementor-col-33 elementor-inner-column elementor-element elementor-element-b224bb9\" data-id=\"b224bb9\" data-element_type=\"column\" data-e-type=\"column\">\n\t\t\t<div class=\"elementor-widget-wrap elementor-element-populated\">\n\t\t\t\t\t\t<div class=\"elementor-element elementor-element-2deb8da project-col-3 project-col elementor-widget elementor-widget-image\" data-id=\"2deb8da\" data-element_type=\"widget\" data-e-type=\"widget\" data-widget_type=\"image.default\">\n\t\t\t\t<div class=\"elementor-widget-container\">\n\t\t\t\t\t\t\t\t\t\t\t\t<figure class=\"wp-caption\">\n\t\t\t\t\t\t\t\t\t\t\t<a href=\"https:\/\/anzemachinery.com\/fr\/leather-punching-solutions-and-leather-punching-machines\/\" target=\"_blank\">\n\t\t\t\t\t\t\t<img loading=\"lazy\" decoding=\"async\" width=\"800\" height=\"534\" src=\"https:\/\/anzemachinery.com\/wp-content\/uploads\/2024\/08\/B3-4-1024x683.jpg\" class=\"attachment-large size-large wp-image-1657\" alt=\"Poin\u00e7onneuse de moules de la s\u00e9rie B3 4\" srcset=\"https:\/\/anzemachinery.com\/wp-content\/uploads\/2024\/08\/B3-4-1024x683.jpg 1024w, https:\/\/anzemachinery.com\/wp-content\/uploads\/2024\/08\/B3-4-300x200.jpg 300w, https:\/\/anzemachinery.com\/wp-content\/uploads\/2024\/08\/B3-4-768x512.jpg 768w, https:\/\/anzemachinery.com\/wp-content\/uploads\/2024\/08\/B3-4-1536x1024.jpg 1536w, https:\/\/anzemachinery.com\/wp-content\/uploads\/2024\/08\/B3-4.jpg 1800w\" sizes=\"(max-width: 800px) 100vw, 800px\" \/>\t\t\t\t\t\t\t\t<\/a>\n\t\t\t\t\t\t\t\t\t\t\t<figcaption class=\"widget-image-caption wp-caption-text\">Cuir<\/figcaption>\n\t\t\t\t\t\t\t\t\t\t<\/figure>\n\t\t\t\t\t\t\t\t\t<\/div>\n\t\t\t\t<\/div>\n\t\t\t\t\t<\/div>\n\t\t<\/div>\n\t\t\t\t\t<\/div>\n\t\t<\/section>\n\t\t\t\t\t<\/div>\n\t\t<\/div>\n\t\t\t\t\t<\/div>\n\t\t<\/section>\n\t\t\t\t<\/div>","protected":false},"excerpt":{"rendered":"<p>Leather Punching Machine Applications ANZE CNC leather punching machine is developed to punch personalized hole patterns for leather or other soft material products like shoes, bags, gloves, belts, car seats, garments and medical surgery masks. Leather Punching Machine application industries Car Interior Bags Shoes Leather Punching Machine application Materials Leather Leather Leather<\/p>","protected":false},"author":1,"featured_media":0,"parent":0,"menu_order":0,"comment_status":"closed","ping_status":"closed","template":"","meta":{"_lmt_disableupdate":"","_lmt_disable":"","footnotes":""},"class_list":["post-1146","page","type-page","status-publish","hentry"],"aioseo_notices":[],"_links":{"self":[{"href":"https:\/\/anzemachinery.com\/fr\/wp-json\/wp\/v2\/pages\/1146","targetHints":{"allow":["GET"]}}],"collection":[{"href":"https:\/\/anzemachinery.com\/fr\/wp-json\/wp\/v2\/pages"}],"about":[{"href":"https:\/\/anzemachinery.com\/fr\/wp-json\/wp\/v2\/types\/page"}],"author":[{"embeddable":true,"href":"https:\/\/anzemachinery.com\/fr\/wp-json\/wp\/v2\/users\/1"}],"replies":[{"embeddable":true,"href":"https:\/\/anzemachinery.com\/fr\/wp-json\/wp\/v2\/comments?post=1146"}],"version-history":[{"count":0,"href":"https:\/\/anzemachinery.com\/fr\/wp-json\/wp\/v2\/pages\/1146\/revisions"}],"wp:attachment":[{"href":"https:\/\/anzemachinery.com\/fr\/wp-json\/wp\/v2\/media?parent=1146"}],"curies":[{"name":"wp","href":"https:\/\/api.w.org\/{rel}","templated":true}]}}